{"id":39991,"date":"2025-07-17T09:38:48","date_gmt":"2025-07-17T09:38:48","guid":{"rendered":"https:\/\/fedi.de\/fedi-fournisseur-a-succes-de-systemes-de-renovation-50-ans-dexperience-expedition-dans-toute-leurope-et-logistique-fiable\/"},"modified":"2025-07-17T09:39:57","modified_gmt":"2025-07-17T09:39:57","slug":"fedi-fournisseur-a-succes-de-systemes-de-renovation-50-ans-dexperience-expedition-dans-toute-leurope-et-logistique-fiable","status":"publish","type":"page","link":"https:\/\/fedi.de\/fr\/fedi-fournisseur-a-succes-de-systemes-de-renovation-50-ans-dexperience-expedition-dans-toute-leurope-et-logistique-fiable\/","title":{"rendered":"fedi &#8211; Fournisseur \u00e0 succ\u00e8s de syst\u00e8mes de r\u00e9novation : 50 ans d&rsquo;exp\u00e9rience, exp\u00e9dition dans toute l&rsquo;Europe et logistique fiable"},"content":{"rendered":"\t\t<div data-elementor-type=\"wp-page\" data-elementor-id=\"39991\" class=\"elementor elementor-39991 elementor-39987\" data-elementor-post-type=\"page\">\n\t\t\t\t<div class=\"elementor-element elementor-element-e3a7882 e-flex e-con-boxed e-con e-parent\" data-id=\"e3a7882\" data-element_type=\"container\" data-e-type=\"container\">\n\t\t\t\t\t<div class=\"e-con-inner\">\n\t\t\t\t<div class=\"elementor-element elementor-element-0c364a1 elementor-widget elementor-widget-heading\" data-id=\"0c364a1\" data-element_type=\"widget\" data-e-type=\"widget\" data-widget_type=\"heading.default\">\n\t\t\t\t<div class=\"elementor-widget-container\">\n\t\t\t\t\t<h2 class=\"elementor-heading-title elementor-size-default\">fedi - Fournisseur \u00e0 succ\u00e8s de syst\u00e8mes de r\u00e9novation : 50 ans d'exp\u00e9rience, exp\u00e9dition dans toute l'Europe et logistique fiable<\/h2>\t\t\t\t<\/div>\n\t\t\t\t<\/div>\n\t\t\t\t<div class=\"elementor-element elementor-element-9492b4a elementor-widget elementor-widget-text-editor\" data-id=\"9492b4a\" data-element_type=\"widget\" data-e-type=\"widget\" data-widget_type=\"text-editor.default\">\n\t\t\t\t<div class=\"elementor-widget-container\">\n\t\t\t\t\t\t\t\t\t<p>Notre \u00e9quipe fedi ne se d\u00e9place pas seulement \u00e0 Bochum, Essen, Gelsenkirchen, Krefeld et D\u00fcsseldorf, mais intervient dans toute l&rsquo;Europe en tant que sous-traitant !<\/p><p>En tant que fournisseur comp\u00e9tent de syst\u00e8mes de r\u00e9novation, nous sommes depuis plus de 50 ans votre partenaire de confiance dans ce secteur. Avec des exp\u00e9ditions dans toute l&rsquo;Europe, nous garantissons une logistique sans faille et un stockage efficace de nos produits de haute qualit\u00e9. <\/p><p>Notre longue exp\u00e9rience fait de nous le partenaire id\u00e9al des cr\u00e9ateurs d&rsquo;entreprise, des menuisiers, des \u00e9b\u00e9nistes et des revendeurs. Nous travaillons en \u00e9troite collaboration avec nos clients afin de leur fournir des solutions personnalis\u00e9es pour des projets de r\u00e9novation qui r\u00e9pondent aux exigences les plus \u00e9lev\u00e9es. <\/p><p><strong>50 ans d&rsquo;exp\u00e9rience dans le secteur : faites confiance \u00e0 l&rsquo;expertise fedi.<\/strong><\/p><ul><li>Livraison dans toute l&rsquo;Europe &#8211; livraison rapide et fiable dans toute l&rsquo;Europe<\/li><li>Une logistique sans faille &#8211; un stockage efficace et une livraison dans les temps<\/li><li>Une gamme de produits diversifi\u00e9e  <\/li><li>des syst\u00e8mes de r\u00e9novation innovants pour les applications les plus diverses<\/li><li>Coop\u00e9ration avec des revendeurs et des entreprises de r\u00e9novation &#8211; conseils personnalis\u00e9s et solutions sur mesure<\/li><li>Intervention rapide et fiable sur site : par exemple \u00e0 Bochum, Essen, Krefeld, D\u00fcsseldorf, Cologne, aux Pays-Bas et en France<\/li><\/ul><p>Que vous soyez une menuiserie, une \u00e9b\u00e9nisterie ou une entreprise de r\u00e9novation, nous vous soutenons avec des produits de haute qualit\u00e9 et un solide r\u00e9seau de partenaires. Depuis cinq d\u00e9cennies, fedi mise sur la qualit\u00e9, la fiabilit\u00e9 et la satisfaction du client. <\/p><p>Contactez-nous et profitez de notre longue exp\u00e9rience en tant que fournisseur de syst\u00e8mes de r\u00e9novation. Ensemble, nous r\u00e9aliserons vos projets de r\u00e9novation avec efficacit\u00e9 et succ\u00e8s. Notre \u00e9quipe fedi se r\u00e9jouit de vous rencontrer !  <\/p>\t\t\t\t\t\t\t\t<\/div>\n\t\t\t\t<\/div>\n\t\t\t\t<div class=\"elementor-element elementor-element-4d84650 elementor-align-left elementor-widget elementor-widget-button\" data-id=\"4d84650\" data-element_type=\"widget\" data-e-type=\"widget\" data-widget_type=\"button.default\">\n\t\t\t\t<div class=\"elementor-widget-container\">\n\t\t\t\t\t\t\t\t\t<div class=\"elementor-button-wrapper\">\n\t\t\t\t\t<a class=\"elementor-button elementor-button-link elementor-size-sm elementor-animation-shrink\" href=\"https:\/\/fedi.de\/fr\/\">\n\t\t\t\t\t\t<span class=\"elementor-button-content-wrapper\">\n\t\t\t\t\t\t\t\t\t<span class=\"elementor-button-text\">Aller \u00e0 la page d'accueil<\/span>\n\t\t\t\t\t<\/span>\n\t\t\t\t\t<\/a>\n\t\t\t\t<\/div>\n\t\t\t\t\t\t\t\t<\/div>\n\t\t\t\t<\/div>\n\t\t\t\t\t<\/div>\n\t\t\t\t<\/div>\n\t\t\t\t<\/div>\n\t\t","protected":false},"excerpt":{"rendered":"<p>fedi &#8211; Fournisseur \u00e0 succ\u00e8s de syst\u00e8mes de r\u00e9novation : 50 ans d&rsquo;exp\u00e9rience, exp\u00e9dition dans toute l&rsquo;Europe et logistique fiable [&hellip;]<\/p>\n","protected":false},"author":1,"featured_media":0,"parent":0,"menu_order":0,"comment_status":"closed","ping_status":"closed","template":"","meta":{"_acf_changed":false,"site-sidebar-layout":"no-sidebar","site-content-layout":"","ast-site-content-layout":"full-width-container","site-content-style":"default","site-sidebar-style":"default","ast-global-header-display":"","ast-banner-title-visibility":"","ast-main-header-display":"","ast-hfb-above-header-display":"","ast-hfb-below-header-display":"","ast-hfb-mobile-header-display":"","site-post-title":"disabled","ast-breadcrumbs-content":"","ast-featured-img":"disabled","footer-sml-layout":"","ast-disable-related-posts":"","theme-transparent-header-meta":"","adv-header-id-meta":"","stick-header-meta":"","header-above-stick-meta":"","header-main-stick-meta":"","header-below-stick-meta":"","astra-migrate-meta-layouts":"default","ast-page-background-enabled":"default","ast-page-background-meta":{"desktop":{"background-color":"var(--ast-global-color-4)","background-image":"","background-repeat":"repeat","background-position":"center center","background-size":"auto","background-attachment":"scroll","background-type":"","background-media":"","overlay-type":"","overlay-color":"","overlay-opacity":"","overlay-gradient":""},"tablet":{"background-color":"","background-image":"","background-repeat":"repeat","background-position":"center center","background-size":"auto","background-attachment":"scroll","background-type":"","background-media":"","overlay-type":"","overlay-color":"","overlay-opacity":"","overlay-gradient":""},"mobile":{"background-color":"","background-image":"","background-repeat":"repeat","background-position":"center center","background-size":"auto","background-attachment":"scroll","background-type":"","background-media":"","overlay-type":"","overlay-color":"","overlay-opacity":"","overlay-gradient":""}},"ast-content-background-meta":{"desktop":{"background-color":"var(--ast-global-color-5)","background-image":"","background-repeat":"repeat","background-position":"center center","background-size":"auto","background-attachment":"scroll","background-type":"","background-media":"","overlay-type":"","overlay-color":"","overlay-opacity":"","overlay-gradient":""},"tablet":{"background-color":"var(--ast-global-color-5)","background-image":"","background-repeat":"repeat","background-position":"center center","background-size":"auto","background-attachment":"scroll","background-type":"","background-media":"","overlay-type":"","overlay-color":"","overlay-opacity":"","overlay-gradient":""},"mobile":{"background-color":"var(--ast-global-color-5)","background-image":"","background-repeat":"repeat","background-position":"center center","background-size":"auto","background-attachment":"scroll","background-type":"","background-media":"","overlay-type":"","overlay-color":"","overlay-opacity":"","overlay-gradient":""}},"footnotes":""},"class_list":["post-39991","page","type-page","status-publish","hentry"],"acf":[],"aioseo_notices":[],"_links":{"self":[{"href":"https:\/\/fedi.de\/fr\/wp-json\/wp\/v2\/pages\/39991","targetHints":{"allow":["GET"]}}],"collection":[{"href":"https:\/\/fedi.de\/fr\/wp-json\/wp\/v2\/pages"}],"about":[{"href":"https:\/\/fedi.de\/fr\/wp-json\/wp\/v2\/types\/page"}],"author":[{"embeddable":true,"href":"https:\/\/fedi.de\/fr\/wp-json\/wp\/v2\/users\/1"}],"replies":[{"embeddable":true,"href":"https:\/\/fedi.de\/fr\/wp-json\/wp\/v2\/comments?post=39991"}],"version-history":[{"count":2,"href":"https:\/\/fedi.de\/fr\/wp-json\/wp\/v2\/pages\/39991\/revisions"}],"predecessor-version":[{"id":40000,"href":"https:\/\/fedi.de\/fr\/wp-json\/wp\/v2\/pages\/39991\/revisions\/40000"}],"wp:attachment":[{"href":"https:\/\/fedi.de\/fr\/wp-json\/wp\/v2\/media?parent=39991"}],"curies":[{"name":"wp","href":"https:\/\/api.w.org\/{rel}","templated":true}]}}