{"id":40021,"date":"2025-07-17T09:42:30","date_gmt":"2025-07-17T09:42:30","guid":{"rendered":"https:\/\/fedi.de\/configurateur-descalier-3d-innovant-de-nouvelles-possibilites-pour-nos-clients-a-essen-gelsenkirchen-bochum-duesseldorf-krefeld-herne-aux-pays-bas-en-france-et-dans-le-monde-entier\/"},"modified":"2025-07-17T09:43:17","modified_gmt":"2025-07-17T09:43:17","slug":"configurateur-descalier-3d-innovant-de-nouvelles-possibilites-pour-nos-clients-a-essen-gelsenkirchen-bochum-duesseldorf-krefeld-herne-aux-pays-bas-en-france-et-dans-le-monde-entier","status":"publish","type":"page","link":"https:\/\/fedi.de\/fr\/configurateur-descalier-3d-innovant-de-nouvelles-possibilites-pour-nos-clients-a-essen-gelsenkirchen-bochum-duesseldorf-krefeld-herne-aux-pays-bas-en-france-et-dans-le-monde-entier\/","title":{"rendered":"Configurateur d&rsquo;escalier 3D innovant &#8211; De nouvelles possibilit\u00e9s pour nos clients \u00e0 Essen, Gelsenkirchen, Bochum, D\u00fcsseldorf, Krefeld, Herne, aux Pays-Bas, en France et dans le monde entier."},"content":{"rendered":"\t\t<div data-elementor-type=\"wp-page\" data-elementor-id=\"40021\" class=\"elementor elementor-40021 elementor-40015\" data-elementor-post-type=\"page\">\n\t\t\t\t<div class=\"elementor-element elementor-element-e3a7882 e-flex e-con-boxed e-con e-parent\" data-id=\"e3a7882\" data-element_type=\"container\" data-e-type=\"container\">\n\t\t\t\t\t<div class=\"e-con-inner\">\n\t\t\t\t<div class=\"elementor-element elementor-element-0c364a1 elementor-widget elementor-widget-heading\" data-id=\"0c364a1\" data-element_type=\"widget\" data-e-type=\"widget\" data-widget_type=\"heading.default\">\n\t\t\t\t<div class=\"elementor-widget-container\">\n\t\t\t\t\t<h2 class=\"elementor-heading-title elementor-size-default\">Des syst\u00e8mes LED innovants pour la r\u00e9novation de vos escaliers -\n<br>Concepts d'\u00e9clairage avec une technologie d'\u00e9clairage \u00e0 faible consommation d'\u00e9nergie\n<\/h2>\t\t\t\t<\/div>\n\t\t\t\t<\/div>\n\t\t\t\t<div class=\"elementor-element elementor-element-9492b4a elementor-widget elementor-widget-text-editor\" data-id=\"9492b4a\" data-element_type=\"widget\" data-e-type=\"widget\" data-widget_type=\"text-editor.default\">\n\t\t\t\t<div class=\"elementor-widget-container\">\n\t\t\t\t\t\t\t\t\t<p>Avec notre configurateur d&rsquo;escaliers 3D innovant, nous offrons \u00e0 nos partenaires et clients de la r\u00e9gion Rh\u00e9nanie-du-Nord-Westphalie, des Pays-Bas et de la France une toute nouvelle possibilit\u00e9 de concevoir virtuellement des designs d&rsquo;escaliers et de les personnaliser.<\/p><p>R\u00e9sultat : une planification nettement simplifi\u00e9e, une mise en \u0153uvre plus rapide des projets et une meilleure ad\u00e9quation avec les souhaits de vos clients.<\/p><p>Avec notre nouveau configurateur d&rsquo;escaliers 3D, nous souhaitons offrir \u00e0 nos partenaires \u00e0 Essen, Gelsenkirchen, Bochum, D\u00fcsseldorf, Krefeld, Herne ainsi qu&rsquo;aux Pays-Bas et en France une solution innovante pour r\u00e9aliser leurs projets de mani\u00e8re plus efficace et mettre \u00e0 la disposition de leurs clients un outil de planification qui peut \u00eatre utilis\u00e9 de mani\u00e8re simple et pratique.<\/p>\t\t\t\t\t\t\t\t<\/div>\n\t\t\t\t<\/div>\n\t\t\t\t<div class=\"elementor-element elementor-element-4d84650 elementor-align-left elementor-widget elementor-widget-button\" data-id=\"4d84650\" data-element_type=\"widget\" data-e-type=\"widget\" data-widget_type=\"button.default\">\n\t\t\t\t<div class=\"elementor-widget-container\">\n\t\t\t\t\t\t\t\t\t<div class=\"elementor-button-wrapper\">\n\t\t\t\t\t<a class=\"elementor-button elementor-button-link elementor-size-sm elementor-animation-shrink\" href=\"https:\/\/fedi.de\/fr\/\">\n\t\t\t\t\t\t<span class=\"elementor-button-content-wrapper\">\n\t\t\t\t\t\t\t\t\t<span class=\"elementor-button-text\">Aller \u00e0 la page d'accueil<\/span>\n\t\t\t\t\t<\/span>\n\t\t\t\t\t<\/a>\n\t\t\t\t<\/div>\n\t\t\t\t\t\t\t\t<\/div>\n\t\t\t\t<\/div>\n\t\t\t\t\t<\/div>\n\t\t\t\t<\/div>\n\t\t\t\t<\/div>\n\t\t","protected":false},"excerpt":{"rendered":"<p>Des syst\u00e8mes LED innovants pour la r\u00e9novation de vos escaliers &#8211; Concepts d&rsquo;\u00e9clairage avec une technologie d&rsquo;\u00e9clairage \u00e0 faible consommation [&hellip;]<\/p>\n","protected":false},"author":1,"featured_media":0,"parent":0,"menu_order":0,"comment_status":"closed","ping_status":"closed","template":"","meta":{"_acf_changed":false,"site-sidebar-layout":"no-sidebar","site-content-layout":"","ast-site-content-layout":"full-width-container","site-content-style":"default","site-sidebar-style":"default","ast-global-header-display":"","ast-banner-title-visibility":"","ast-main-header-display":"","ast-hfb-above-header-display":"","ast-hfb-below-header-display":"","ast-hfb-mobile-header-display":"","site-post-title":"disabled","ast-breadcrumbs-content":"","ast-featured-img":"disabled","footer-sml-layout":"","ast-disable-related-posts":"","theme-transparent-header-meta":"","adv-header-id-meta":"","stick-header-meta":"","header-above-stick-meta":"","header-main-stick-meta":"","header-below-stick-meta":"","astra-migrate-meta-layouts":"default","ast-page-background-enabled":"default","ast-page-background-meta":{"desktop":{"background-color":"var(--ast-global-color-4)","background-image":"","background-repeat":"repeat","background-position":"center center","background-size":"auto","background-attachment":"scroll","background-type":"","background-media":"","overlay-type":"","overlay-color":"","overlay-opacity":"","overlay-gradient":""},"tablet":{"background-color":"","background-image":"","background-repeat":"repeat","background-position":"center center","background-size":"auto","background-attachment":"scroll","background-type":"","background-media":"","overlay-type":"","overlay-color":"","overlay-opacity":"","overlay-gradient":""},"mobile":{"background-color":"","background-image":"","background-repeat":"repeat","background-position":"center center","background-size":"auto","background-attachment":"scroll","background-type":"","background-media":"","overlay-type":"","overlay-color":"","overlay-opacity":"","overlay-gradient":""}},"ast-content-background-meta":{"desktop":{"background-color":"var(--ast-global-color-5)","background-image":"","background-repeat":"repeat","background-position":"center center","background-size":"auto","background-attachment":"scroll","background-type":"","background-media":"","overlay-type":"","overlay-color":"","overlay-opacity":"","overlay-gradient":""},"tablet":{"background-color":"var(--ast-global-color-5)","background-image":"","background-repeat":"repeat","background-position":"center center","background-size":"auto","background-attachment":"scroll","background-type":"","background-media":"","overlay-type":"","overlay-color":"","overlay-opacity":"","overlay-gradient":""},"mobile":{"background-color":"var(--ast-global-color-5)","background-image":"","background-repeat":"repeat","background-position":"center center","background-size":"auto","background-attachment":"scroll","background-type":"","background-media":"","overlay-type":"","overlay-color":"","overlay-opacity":"","overlay-gradient":""}},"footnotes":""},"class_list":["post-40021","page","type-page","status-publish","hentry"],"acf":[],"aioseo_notices":[],"_links":{"self":[{"href":"https:\/\/fedi.de\/fr\/wp-json\/wp\/v2\/pages\/40021","targetHints":{"allow":["GET"]}}],"collection":[{"href":"https:\/\/fedi.de\/fr\/wp-json\/wp\/v2\/pages"}],"about":[{"href":"https:\/\/fedi.de\/fr\/wp-json\/wp\/v2\/types\/page"}],"author":[{"embeddable":true,"href":"https:\/\/fedi.de\/fr\/wp-json\/wp\/v2\/users\/1"}],"replies":[{"embeddable":true,"href":"https:\/\/fedi.de\/fr\/wp-json\/wp\/v2\/comments?post=40021"}],"version-history":[{"count":2,"href":"https:\/\/fedi.de\/fr\/wp-json\/wp\/v2\/pages\/40021\/revisions"}],"predecessor-version":[{"id":40028,"href":"https:\/\/fedi.de\/fr\/wp-json\/wp\/v2\/pages\/40021\/revisions\/40028"}],"wp:attachment":[{"href":"https:\/\/fedi.de\/fr\/wp-json\/wp\/v2\/media?parent=40021"}],"curies":[{"name":"wp","href":"https:\/\/api.w.org\/{rel}","templated":true}]}}