{"id":4928,"date":"2024-05-02T06:54:14","date_gmt":"2024-05-02T06:54:14","guid":{"rendered":"https:\/\/fedi.de\/mentions-legales\/"},"modified":"2024-09-04T12:49:36","modified_gmt":"2024-09-04T12:49:36","slug":"mentions-legales","status":"publish","type":"page","link":"https:\/\/fedi.de\/fr\/mentions-legales\/","title":{"rendered":"Mentions l\u00e9gales"},"content":{"rendered":"\t\t<div data-elementor-type=\"wp-page\" data-elementor-id=\"4928\" class=\"elementor elementor-4928 elementor-33\" data-elementor-post-type=\"page\">\n\t\t\t\t<div class=\"elementor-element elementor-element-220d221 e-flex e-con-boxed e-con e-parent\" data-id=\"220d221\" data-element_type=\"container\" data-e-type=\"container\">\n\t\t\t\t\t<div class=\"e-con-inner\">\n\t\t\t\t<div class=\"elementor-element elementor-element-9cd6def elementor-widget elementor-widget-heading\" data-id=\"9cd6def\" data-element_type=\"widget\" data-e-type=\"widget\" data-widget_type=\"heading.default\">\n\t\t\t\t<div class=\"elementor-widget-container\">\n\t\t\t\t\t<h2 class=\"elementor-heading-title elementor-size-default\">INFORMATIONS SELON \u00a7 5 TMG  <\/h2>\t\t\t\t<\/div>\n\t\t\t\t<\/div>\n\t\t\t\t<div class=\"elementor-element elementor-element-bb222a0 elementor-widget elementor-widget-text-editor\" data-id=\"bb222a0\" data-element_type=\"widget\" data-e-type=\"widget\" data-widget_type=\"text-editor.default\">\n\t\t\t\t<div class=\"elementor-widget-container\">\n\t\t\t\t\t\t\t\t\t<div>\n<p>fedi GmbH<br \/>An der Landwehr 7<br \/>45883 Gelsenkirchen<\/p>\n<p><strong data-ogsc=\"rgb(195, 22, 34)\">Repr\u00e9sent\u00e9 par :<\/strong><br \/>J\u00f6rg Dinkelbach<br \/>Udo Feier<\/p>\n<p><strong data-ogsc=\"rgb(195, 22, 34)\">Contact :<\/strong><br \/>T\u00e9l\u00e9phone : +49 (0) 209 \/ 94 120 &#8211; 0<br \/>T\u00e9l\u00e9copie : +49 (0) 209 \/ 94 120 &#8211; 20<br \/>E-mail : info(at)fedi.de<\/p>\n<p><strong data-ogsc=\"rgb(195, 22, 34)\">Inscription au registre :<\/strong><br \/>Inscription au registre du commerce.<br \/>Tribunal d&rsquo;enregistrement : Tribunal d&rsquo;instance de Gelsenkirchen<br \/>Num\u00e9ro d&rsquo;enregistrement : HRB 660<br \/>Num\u00e9ro d&rsquo;identification TVA conform\u00e9ment au \u00a727 a de la loi sur la TVA : DE 125012605<\/p>\n<p><strong data-ogsc=\"rgb(195, 22, 34)\">Mise en \u0153uvre<\/strong><\/p>\n<p>RSB Design &#8211; Marketing &amp; Kommunikation<br \/>Berthold-Beitz-Boulevard 492<br \/>45141 Essen<br \/>0201 \/ 79 88 33-0<\/p>\n<p><a href=\"mailto:info@rsb-design.de\"><a href=\"mailto:info@rsb-design.de\">info@rsb-design.de<\/a><\/a><\/p>\n<\/div>\n<div data-ogsc=\"rgb(139, 139, 139)\" data-ogsb=\"rgb(255, 255, 255)\">\n<h1 data-ogsc=\"rgb(102, 102, 102)\">CLAUSE DE NON-RESPONSABILIT\u00c9 (DISCLAIMER)<\/h1>\n<div>\n<div> <\/div>\n<\/div>\n<\/div>\n<div>\n<p><strong data-ogsc=\"rgb(195, 22, 34)\">Responsabilit\u00e9 pour les contenus<\/strong><br \/>En tant que prestataire de services, nous sommes responsables, conform\u00e9ment au \u00a7 7 al. 1<br \/>\nTMG, nous sommes responsables de nos propres contenus sur ces pages conform\u00e9ment aux lois g\u00e9n\u00e9rales.<br \/>\nConform\u00e9ment aux \u00a7\u00a7 8 \u00e0 10 de la TMG, nous ne sommes toutefois pas tenus, en tant que prestataire de services, de surveiller les informations externes transmises ou enregistr\u00e9es ou de rechercher les circonstances qui indiquent une activit\u00e9 ill\u00e9gale.<br \/>\nL&rsquo;obligation de supprimer ou de bloquer l&rsquo;utilisation d&rsquo;informations conform\u00e9ment aux lois g\u00e9n\u00e9rales reste inchang\u00e9e.<br \/>\nUne responsabilit\u00e9 \u00e0 cet \u00e9gard n&rsquo;est toutefois possible qu&rsquo;\u00e0 partir du moment o\u00f9 une violation concr\u00e8te de la loi est connue.<br \/>\nD\u00e8s la prise de connaissance d&rsquo;une telle violation, nous supprimerons imm\u00e9diatement le contenu en question.     <\/p>\n<p><strong data-ogsc=\"rgb(195, 22, 34)\">Responsabilit\u00e9 pour les liens<\/strong><br \/>Notre offre contient des liens vers des sites Web externes de tiers, sur le contenu desquels nous n&rsquo;avons aucune influence.<br \/>\nNous ne pouvons donc pas nous porter garants de ces contenus externes.<br \/>\nLe fournisseur ou l&rsquo;exploitant des pages li\u00e9es est toujours responsable du contenu de ces pages.<br \/>\nLes pages li\u00e9es ont \u00e9t\u00e9 v\u00e9rifi\u00e9es au moment de la cr\u00e9ation du lien afin de s&rsquo;assurer qu&rsquo;elles n&rsquo;enfreignaient pas la loi.<br \/>\nAucun contenu ill\u00e9gal n&rsquo;a \u00e9t\u00e9 identifi\u00e9 au moment de la cr\u00e9ation du lien.<br \/>\nUn contr\u00f4le permanent du contenu des pages li\u00e9es n&rsquo;est cependant pas exigible sans indices concrets d&rsquo;une violation de la loi.<br \/>\nSi nous prenons connaissance d&rsquo;une violation de la loi, nous supprimerons imm\u00e9diatement les liens concern\u00e9s.      <\/p>\n<p><strong data-ogsc=\"rgb(195, 22, 34)\">Droit d&rsquo;auteur<\/strong><br \/>Les contenus et les \u0153uvres cr\u00e9\u00e9s par les exploitants des pages de ce site sont soumis au droit d&rsquo;auteur allemand.<br \/>\nLa reproduction, le traitement, la diffusion et toute forme d&rsquo;exploitation en dehors des limites du droit d&rsquo;auteur n\u00e9cessitent l&rsquo;accord \u00e9crit de l&rsquo;auteur ou du cr\u00e9ateur concern\u00e9.<br \/>\nLes t\u00e9l\u00e9chargements et les copies de ce site ne sont autoris\u00e9s que pour un usage priv\u00e9 et non commercial.<br \/>\nDans la mesure o\u00f9 les contenus de ce site n&rsquo;ont pas \u00e9t\u00e9 cr\u00e9\u00e9s par l&rsquo;exploitant, les droits d&rsquo;auteur de tiers sont respect\u00e9s.<br \/>\nEn particulier, les contenus de tiers sont identifi\u00e9s comme tels.<br \/>\nSi vous deviez n\u00e9anmoins constater une violation des droits d&rsquo;auteur, nous vous prions de nous en informer.<br \/>\nD\u00e8s que nous aurons connaissance d&rsquo;une violation de la loi, nous supprimerons imm\u00e9diatement le contenu en question.      <\/p>\n<\/div>\n<div> <\/div>\n\t\t\t\t\t\t\t\t<\/div>\n\t\t\t\t<\/div>\n\t\t\t\t\t<\/div>\n\t\t\t\t<\/div>\n\t\t\t\t<\/div>\n\t\t","protected":false},"excerpt":{"rendered":"<p>INFORMATIONS SELON \u00a7 5 TMG fedi GmbHAn der Landwehr 745883 Gelsenkirchen Repr\u00e9sent\u00e9 par :J\u00f6rg DinkelbachUdo Feier Contact :T\u00e9l\u00e9phone : +49 [&hellip;]<\/p>\n","protected":false},"author":1,"featured_media":0,"parent":0,"menu_order":0,"comment_status":"closed","ping_status":"closed","template":"","meta":{"_acf_changed":false,"site-sidebar-layout":"no-sidebar","site-content-layout":"","ast-site-content-layout":"full-width-container","site-content-style":"default","site-sidebar-style":"default","ast-global-header-display":"","ast-banner-title-visibility":"","ast-main-header-display":"","ast-hfb-above-header-display":"","ast-hfb-below-header-display":"","ast-hfb-mobile-header-display":"","site-post-title":"disabled","ast-breadcrumbs-content":"","ast-featured-img":"disabled","footer-sml-layout":"","ast-disable-related-posts":"","theme-transparent-header-meta":"","adv-header-id-meta":"","stick-header-meta":"","header-above-stick-meta":"","header-main-stick-meta":"","header-below-stick-meta":"","astra-migrate-meta-layouts":"default","ast-page-background-enabled":"default","ast-page-background-meta":{"desktop":{"background-color":"var(--ast-global-color-4)","background-image":"","background-repeat":"repeat","background-position":"center center","background-size":"auto","background-attachment":"scroll","background-type":"","background-media":"","overlay-type":"","overlay-color":"","overlay-opacity":"","overlay-gradient":""},"tablet":{"background-color":"","background-image":"","background-repeat":"repeat","background-position":"center center","background-size":"auto","background-attachment":"scroll","background-type":"","background-media":"","overlay-type":"","overlay-color":"","overlay-opacity":"","overlay-gradient":""},"mobile":{"background-color":"","background-image":"","background-repeat":"repeat","background-position":"center center","background-size":"auto","background-attachment":"scroll","background-type":"","background-media":"","overlay-type":"","overlay-color":"","overlay-opacity":"","overlay-gradient":""}},"ast-content-background-meta":{"desktop":{"background-color":"var(--ast-global-color-5)","background-image":"","background-repeat":"repeat","background-position":"center center","background-size":"auto","background-attachment":"scroll","background-type":"","background-media":"","overlay-type":"","overlay-color":"","overlay-opacity":"","overlay-gradient":""},"tablet":{"background-color":"var(--ast-global-color-5)","background-image":"","background-repeat":"repeat","background-position":"center center","background-size":"auto","background-attachment":"scroll","background-type":"","background-media":"","overlay-type":"","overlay-color":"","overlay-opacity":"","overlay-gradient":""},"mobile":{"background-color":"var(--ast-global-color-5)","background-image":"","background-repeat":"repeat","background-position":"center center","background-size":"auto","background-attachment":"scroll","background-type":"","background-media":"","overlay-type":"","overlay-color":"","overlay-opacity":"","overlay-gradient":""}},"footnotes":""},"class_list":["post-4928","page","type-page","status-publish","hentry"],"acf":[],"aioseo_notices":[],"_links":{"self":[{"href":"https:\/\/fedi.de\/fr\/wp-json\/wp\/v2\/pages\/4928","targetHints":{"allow":["GET"]}}],"collection":[{"href":"https:\/\/fedi.de\/fr\/wp-json\/wp\/v2\/pages"}],"about":[{"href":"https:\/\/fedi.de\/fr\/wp-json\/wp\/v2\/types\/page"}],"author":[{"embeddable":true,"href":"https:\/\/fedi.de\/fr\/wp-json\/wp\/v2\/users\/1"}],"replies":[{"embeddable":true,"href":"https:\/\/fedi.de\/fr\/wp-json\/wp\/v2\/comments?post=4928"}],"version-history":[{"count":3,"href":"https:\/\/fedi.de\/fr\/wp-json\/wp\/v2\/pages\/4928\/revisions"}],"predecessor-version":[{"id":5118,"href":"https:\/\/fedi.de\/fr\/wp-json\/wp\/v2\/pages\/4928\/revisions\/5118"}],"wp:attachment":[{"href":"https:\/\/fedi.de\/fr\/wp-json\/wp\/v2\/media?parent=4928"}],"curies":[{"name":"wp","href":"https:\/\/api.w.org\/{rel}","templated":true}]}}