{"id":4941,"date":"2024-05-02T06:54:21","date_gmt":"2024-05-02T06:54:21","guid":{"rendered":"https:\/\/fedi.de\/conditions-generales-de-vente\/"},"modified":"2024-10-28T12:20:44","modified_gmt":"2024-10-28T12:20:44","slug":"conditions-generales-de-vente","status":"publish","type":"page","link":"https:\/\/fedi.de\/fr\/conditions-generales-de-vente\/","title":{"rendered":"Conditions g\u00e9n\u00e9rales de vente"},"content":{"rendered":"\t\t<div data-elementor-type=\"wp-page\" data-elementor-id=\"4941\" class=\"elementor elementor-4941 elementor-35\" data-elementor-post-type=\"page\">\n\t\t\t\t<div class=\"elementor-element elementor-element-1bed586 e-flex e-con-boxed e-con e-parent\" data-id=\"1bed586\" data-element_type=\"container\" data-e-type=\"container\">\n\t\t\t\t\t<div class=\"e-con-inner\">\n\t\t\t\t<div class=\"elementor-element elementor-element-ca668a1 elementor-widget elementor-widget-heading\" data-id=\"ca668a1\" data-element_type=\"widget\" data-e-type=\"widget\" data-widget_type=\"heading.default\">\n\t\t\t\t<div class=\"elementor-widget-container\">\n\t\t\t\t\t<h2 class=\"elementor-heading-title elementor-size-default\">CONDITIONS G\u00c9N\u00c9RALES DE VENTE  <\/h2>\t\t\t\t<\/div>\n\t\t\t\t<\/div>\n\t\t\t\t<div class=\"elementor-element elementor-element-15baed2 elementor-widget elementor-widget-text-editor\" data-id=\"15baed2\" data-element_type=\"widget\" data-e-type=\"widget\" data-widget_type=\"text-editor.default\">\n\t\t\t\t<div class=\"elementor-widget-container\">\n\t\t\t\t\t\t\t\t\t<p>Les dispositions l\u00e9gales s&rsquo;appliquent, auxquelles s&rsquo;ajoutent uniquement les points suivants : Le contrat de vente est conclu conform\u00e9ment aux conditions ci-dessous.<\/p>\n<p><strong>Conditions d&rsquo;achat<\/strong><br>Nous n&rsquo;acceptons pas les conditions d&rsquo;achat de nos clients.\nNos offres sont sans engagement.\nPour \u00eatre valables, les accords doivent \u00eatre confirm\u00e9s par \u00e9crit.  <br><strong>Prix<\/strong><br>Nos prix s&rsquo;entendent au d\u00e9part de Gelsenkirchen et sont major\u00e9s de la TVA l\u00e9gale.\nLes conditions sp\u00e9ciales et les accords ne sont plus valables en cas de r\u00e8glement judiciaire ou extrajudiciaire. <br><strong>Livraison<\/strong><br>Les livraisons sont effectu\u00e9es par une entreprise de transport, par un service de colis GLS.\nLes frais de transport sont calcul\u00e9s par colis.\nemballage sont calcul\u00e9s par colis.\nPour les envois par transporteur, le poids total est factur\u00e9.\nLes envois volumineux sont factur\u00e9s au volume.    <br><strong>Paiement<\/strong><br>\u00c0 r\u00e9ception de la marchandise, par paiement anticip\u00e9, contre remboursement, par pr\u00e9l\u00e8vement SEPA, par paiement en esp\u00e8ces, par carte de d\u00e9bit ou de cr\u00e9dit ou par PayPal. Les rejets de d\u00e9bit sont factur\u00e9s forfaitairement \u00e0 19,00 EUR. Aucun escompte n&rsquo;est accord\u00e9 dans ce cas, ni en cas de r\u00e8glement judiciaire ou extrajudiciaire. Nous n&rsquo;accordons pas d&rsquo;escompte pour les frais de transport &amp; les travaux d&rsquo;artisanat.   &nbsp;<br><strong>D\u00e9lai de livraison<\/strong><br>Les livraisons sont effectu\u00e9es le jour m\u00eame de la commande pour les articles disponibles en stock (veuillez passer votre commande avant 10h00 maximum). En r\u00e8gle g\u00e9n\u00e9rale, vous recevez votre marchandise dans un d\u00e9lai de 2 \u00e0 3 jours. Des livraisons express sont \u00e9galement possibles. Les articles en commission (rampes d&rsquo;escalier) ont un d\u00e9lai de livraison d&rsquo;environ 3 semaines.   <br><strong>Dommages dus au transport<\/strong><br>Les r\u00e9clamations ne peuvent \u00eatre faites que si les dommages survenus pendant le transport, en particulier l&#8217;emballage ou la perte, sont signal\u00e9s d\u00e8s la r\u00e9ception de la marchandise.\nVeuillez \u00e9galement contr\u00f4ler l&rsquo;int\u00e9gralit\u00e9 de la marchandise et noter les d\u00e9fauts correspondants sur les documents de transport.\nLes r\u00e9clamations ult\u00e9rieures ne peuvent malheureusement pas \u00eatre accept\u00e9es.  <br><strong>Garantie<\/strong><br>Pour tous les articles, les r\u00e9clamations doivent \u00eatre faites dans les 14 jours suivant la r\u00e9ception des marchandises. Les demandes de garantie se limitent au remplacement gratuit des articles d\u00e9fectueux. Nous d\u00e9clinons toute responsabilit\u00e9 en cas de dommages indirects ou de remboursement des frais de refabrication. Les l\u00e9g\u00e8res diff\u00e9rences de couleur des marches d&rsquo;escalier et des marches de r\u00e9glage sont dues \u00e0 la technique d&rsquo;impression et ne peuvent donner lieu \u00e0 une r\u00e9clamation.   <br><strong>R\u00e9serve de propri\u00e9t\u00e9<\/strong><br>La marchandise reste notre propri\u00e9t\u00e9 jusqu&rsquo;au paiement int\u00e9gral.\nEn cas de revente, l&rsquo;acheteur nous c\u00e8de les cr\u00e9ances qui en d\u00e9coulent \u00e0 hauteur du prix d&rsquo;achat encore d\u00fb. <br><strong>Tribunal comp\u00e9tent<\/strong><br>Le tribunal comp\u00e9tent et le lieu d&rsquo;ex\u00e9cution sont pour les deux parties Gelsenkirchen<\/p>\t\t\t\t\t\t\t\t<\/div>\n\t\t\t\t<\/div>\n\t\t\t\t\t<\/div>\n\t\t\t\t<\/div>\n\t\t\t\t<\/div>\n\t\t","protected":false},"excerpt":{"rendered":"<p>CONDITIONS G\u00c9N\u00c9RALES DE VENTE Les dispositions l\u00e9gales s&rsquo;appliquent, auxquelles s&rsquo;ajoutent uniquement les points suivants : Le contrat de vente est [&hellip;]<\/p>\n","protected":false},"author":1,"featured_media":0,"parent":0,"menu_order":0,"comment_status":"closed","ping_status":"closed","template":"","meta":{"_acf_changed":false,"site-sidebar-layout":"no-sidebar","site-content-layout":"","ast-site-content-layout":"full-width-container","site-content-style":"default","site-sidebar-style":"default","ast-global-header-display":"","ast-banner-title-visibility":"","ast-main-header-display":"","ast-hfb-above-header-display":"","ast-hfb-below-header-display":"","ast-hfb-mobile-header-display":"","site-post-title":"disabled","ast-breadcrumbs-content":"","ast-featured-img":"disabled","footer-sml-layout":"","ast-disable-related-posts":"","theme-transparent-header-meta":"","adv-header-id-meta":"","stick-header-meta":"","header-above-stick-meta":"","header-main-stick-meta":"","header-below-stick-meta":"","astra-migrate-meta-layouts":"default","ast-page-background-enabled":"default","ast-page-background-meta":{"desktop":{"background-color":"var(--ast-global-color-4)","background-image":"","background-repeat":"repeat","background-position":"center center","background-size":"auto","background-attachment":"scroll","background-type":"","background-media":"","overlay-type":"","overlay-color":"","overlay-opacity":"","overlay-gradient":""},"tablet":{"background-color":"","background-image":"","background-repeat":"repeat","background-position":"center center","background-size":"auto","background-attachment":"scroll","background-type":"","background-media":"","overlay-type":"","overlay-color":"","overlay-opacity":"","overlay-gradient":""},"mobile":{"background-color":"","background-image":"","background-repeat":"repeat","background-position":"center center","background-size":"auto","background-attachment":"scroll","background-type":"","background-media":"","overlay-type":"","overlay-color":"","overlay-opacity":"","overlay-gradient":""}},"ast-content-background-meta":{"desktop":{"background-color":"var(--ast-global-color-5)","background-image":"","background-repeat":"repeat","background-position":"center center","background-size":"auto","background-attachment":"scroll","background-type":"","background-media":"","overlay-type":"","overlay-color":"","overlay-opacity":"","overlay-gradient":""},"tablet":{"background-color":"var(--ast-global-color-5)","background-image":"","background-repeat":"repeat","background-position":"center center","background-size":"auto","background-attachment":"scroll","background-type":"","background-media":"","overlay-type":"","overlay-color":"","overlay-opacity":"","overlay-gradient":""},"mobile":{"background-color":"var(--ast-global-color-5)","background-image":"","background-repeat":"repeat","background-position":"center center","background-size":"auto","background-attachment":"scroll","background-type":"","background-media":"","overlay-type":"","overlay-color":"","overlay-opacity":"","overlay-gradient":""}},"footnotes":""},"class_list":["post-4941","page","type-page","status-publish","hentry"],"acf":[],"aioseo_notices":[],"_links":{"self":[{"href":"https:\/\/fedi.de\/fr\/wp-json\/wp\/v2\/pages\/4941","targetHints":{"allow":["GET"]}}],"collection":[{"href":"https:\/\/fedi.de\/fr\/wp-json\/wp\/v2\/pages"}],"about":[{"href":"https:\/\/fedi.de\/fr\/wp-json\/wp\/v2\/types\/page"}],"author":[{"embeddable":true,"href":"https:\/\/fedi.de\/fr\/wp-json\/wp\/v2\/users\/1"}],"replies":[{"embeddable":true,"href":"https:\/\/fedi.de\/fr\/wp-json\/wp\/v2\/comments?post=4941"}],"version-history":[{"count":6,"href":"https:\/\/fedi.de\/fr\/wp-json\/wp\/v2\/pages\/4941\/revisions"}],"predecessor-version":[{"id":9132,"href":"https:\/\/fedi.de\/fr\/wp-json\/wp\/v2\/pages\/4941\/revisions\/9132"}],"wp:attachment":[{"href":"https:\/\/fedi.de\/fr\/wp-json\/wp\/v2\/media?parent=4941"}],"curies":[{"name":"wp","href":"https:\/\/api.w.org\/{rel}","templated":true}]}}